{"id":3093,"date":"2019-02-05T16:34:32","date_gmt":"2019-02-05T16:34:32","guid":{"rendered":"https:\/\/arham-tst.com\/%d8%a7%d8%aa%d8%b5%d8%a7%d9%84\/"},"modified":"2024-05-29T14:32:33","modified_gmt":"2024-05-29T14:32:33","slug":"%d8%aa%d9%88%d8%a7%d8%b5%d9%84-%d9%85%d8%b9%d9%86%d8%a7","status":"publish","type":"page","link":"https:\/\/arham-tst.com\/ar\/%d8%aa%d9%88%d8%a7%d8%b5%d9%84-%d9%85%d8%b9%d9%86%d8%a7\/","title":{"rendered":"\u062a\u0648\u0627\u0635\u0644 \u0645\u0639\u0646\u0627"},"content":{"rendered":"<div class=\"wpb-content-wrapper\">[vc_row][vc_column]<div id=\"hero\" class=\"nt-shortcode-hero jarallax section_69e11353d7113 vc_custom_1716993142848\" data-speed=\"0.7\" data-img-position=\"50% 80%\" data-res-css=\"          \"><div class=\"container\"><div class=\"row\"><div class=\"col-12 col-lg-7 \"><h1 class=\"__title\"><span>\u0623\u0631\u0647\u0627\u0645<\/span> \u062a\u0648\u0627\u0635\u0644 \u0645\u0639\u0646\u0627<\/h1><p class=\"nt-hero-desc\">\u0646\u062d\u0646 \u0647\u0646\u0627 \u0644\u062e\u062f\u0645\u062a\u0643: \u062a\u0648\u0627\u0635\u0644 \u0645\u0639 \u0641\u0631\u064a\u0642 \u0623\u0631\u0647\u0627\u0645 \u0644\u0644\u0645\u0633\u0627\u0639\u062f\u0629<\/p><div class=\"shortcode-page-breadcrumbs breadcrumb\"><div class=\"nt-breadcrumbs\"><ul class=\"nt-breadcrumbs-list\"><li class=\"bitem\"><span><a class=\"breadcrumbs__link\" href=\"https:\/\/arham-tst.com\/ar\/\"><span>Home<\/span><\/a><\/span><\/li><\/ul><\/div><\/div><\/div><\/div><\/div><\/div>[\/vc_column][\/vc_row][vc_row][vc_column]<div class=\"section section_69e11353d75d6\" data-res-css=\"  \"><div class=\"container\"><div class=\"company-contacts text-center\"><div class=\"__inner\"><div class=\"row justify-content-around\"><div class=\"col-12 col-md-4 col-lg-3\"><div class=\"__item\"><i class=\"__ico far fa-envelope\"><\/i><p>info@arham-tst.com<\/p><\/div><\/div><div class=\"col-12 col-md-4 col-lg-3\"><div class=\"__item\"><i class=\"__ico fas fa-mobile\"><\/i><p>00971581191091<\/p><\/div><\/div><div class=\"col-12 col-md-4 col-lg-3\"><div class=\"__item\"><i class=\"__ico fas fa-map-marked-alt\"><\/i><p>Elmal\u0131, 21. Sk. Karabay\u0131r ISH.No:34, 07040 Muratpa\u015fa\/Antalya, T\u00fcrkiye<\/p><\/div><\/div><\/div><\/div><\/div><\/div><\/div>\n<div class=\"wpcf7 no-js\" id=\"wpcf7-f3323-o1\" lang=\"ar\" dir=\"rtl\" data-wpcf7-id=\"3323\">\n<div class=\"screen-reader-response\"><p role=\"status\" aria-live=\"polite\" aria-atomic=\"true\"><\/p> <ul><\/ul><\/div>\n<form action=\"\/ar\/wp-json\/wp\/v2\/pages\/3093#wpcf7-f3323-o1\" method=\"post\" class=\"wpcf7-form init\" aria-label=\"\u0646\u0645\u0648\u0630\u062c \u0627\u0644\u0627\u062a\u0635\u0627\u0644\" novalidate=\"novalidate\" data-status=\"init\">\n<div style=\"display: none;\">\n<input type=\"hidden\" name=\"_wpcf7\" value=\"3323\" \/>\n<input type=\"hidden\" name=\"_wpcf7_version\" value=\"6.0.3\" \/>\n<input type=\"hidden\" name=\"_wpcf7_locale\" value=\"ar\" \/>\n<input type=\"hidden\" name=\"_wpcf7_unit_tag\" value=\"wpcf7-f3323-o1\" \/>\n<input type=\"hidden\" name=\"_wpcf7_container_post\" value=\"0\" \/>\n<input type=\"hidden\" name=\"_wpcf7_posted_data_hash\" value=\"\" \/>\n<\/div>\n<div class=\"contact-form js-contact-form\" data-aos=\"fade\">\n\t<div class=\"row\">\n\t\t<div class=\"col-12 col-md-6\">\n\t\t\t<div class=\"input-wrp\">\n\t\t\t\t<p><span class=\"wpcf7-form-control-wrap\" data-name=\"text-787\"><input size=\"40\" maxlength=\"400\" class=\"wpcf7-form-control wpcf7-text wpcf7-validates-as-required textfield\" aria-required=\"true\" aria-invalid=\"false\" placeholder=\"\u0627\u0644\u0627\u0633\u0645\" value=\"\" type=\"text\" name=\"text-787\" \/><\/span>\n\t\t\t\t<\/p>\n\t\t\t<\/div>\n\t\t<\/div>\n\t\t<div class=\"col-12 col-md-6\">\n\t\t\t<div class=\"input-wrp\">\n\t\t\t\t<p><span class=\"wpcf7-form-control-wrap\" data-name=\"your-email\"><input size=\"40\" maxlength=\"400\" class=\"wpcf7-form-control wpcf7-email wpcf7-validates-as-required wpcf7-text wpcf7-validates-as-email textfield\" aria-required=\"true\" aria-invalid=\"false\" placeholder=\"\u0628\u0631\u064a\u062f\u0643 \u0627\u0644\u0627\u0644\u0643\u062a\u0631\u0648\u0646\u064a\" value=\"\" type=\"email\" name=\"your-email\" \/><\/span>\n\t\t\t\t<\/p>\n\t\t\t<\/div>\n\t\t<\/div>\n\t<\/div>\n\t<div class=\"input-wrp\">\n\t\t<p><span class=\"wpcf7-form-control-wrap\" data-name=\"textarea-212\"><textarea cols=\"10\" rows=\"2\" maxlength=\"2000\" class=\"wpcf7-form-control wpcf7-textarea wpcf7-validates-as-required textfield\" aria-required=\"true\" aria-invalid=\"false\" placeholder=\"\u0631\u0633\u0627\u0644\u062a\u0643\" name=\"textarea-212\"><\/textarea><\/span>\n\t\t<\/p>\n\t<\/div>\n\t<p><input class=\"wpcf7-form-control wpcf7-submit has-spinner custom-btn custom-btn--medium custom-btn--style-3 wide\" type=\"submit\" value=\"\u0627\u0631\u0633\u0627\u0644\" \/>\n\t<\/p>\n<\/div><div class=\"wpcf7-response-output\" aria-hidden=\"true\"><\/div>\n<\/form>\n<\/div>\n[\/vc_column][\/vc_row]\n<\/div>","protected":false},"excerpt":{"rendered":"<p>[vc_row][vc_column][\/vc_column][\/vc_row][vc_row][vc_column][\/vc_column][\/vc_row]<\/p>\n","protected":false},"author":1,"featured_media":0,"parent":0,"menu_order":0,"comment_status":"closed","ping_status":"closed","template":"custom-page.php","meta":{"_joinchat":[],"footnotes":""},"class_list":["post-3093","page","type-page","status-publish","hentry"," nt-post-class"],"aioseo_notices":[],"yoast_head":"<!-- This site is optimized with the Yoast SEO plugin v24.4 - https:\/\/yoast.com\/wordpress\/plugins\/seo\/ -->\n<title>\u062a\u0648\u0627\u0635\u0644 \u0645\u0639\u0646\u0627 - \u0623\u0631\u0647\u0627\u0645<\/title>\n<meta name=\"robots\" content=\"index, follow, max-snippet:-1, max-image-preview:large, max-video-preview:-1\" \/>\n<link rel=\"canonical\" href=\"https:\/\/arham-tst.com\/ar\/%d8%aa%d9%88%d8%a7%d8%b5%d9%84-%d9%85%d8%b9%d9%86%d8%a7\/\" \/>\n<meta property=\"og:locale\" content=\"ar_AR\" \/>\n<meta property=\"og:type\" content=\"article\" \/>\n<meta property=\"og:title\" content=\"\u062a\u0648\u0627\u0635\u0644 \u0645\u0639\u0646\u0627 - \u0623\u0631\u0647\u0627\u0645\" \/>\n<meta property=\"og:description\" content=\"[vc_row][vc_column][\/vc_column][\/vc_row][vc_row][vc_column][\/vc_column][\/vc_row]\" \/>\n<meta property=\"og:url\" content=\"https:\/\/arham-tst.com\/ar\/%d8%aa%d9%88%d8%a7%d8%b5%d9%84-%d9%85%d8%b9%d9%86%d8%a7\/\" \/>\n<meta property=\"og:site_name\" content=\"\u0623\u0631\u0647\u0627\u0645\" \/>\n<meta property=\"article:modified_time\" content=\"2024-05-29T14:32:33+00:00\" \/>\n<meta property=\"og:image\" content=\"https:\/\/arham-tst.com\/wp-content\/uploads\/2024\/04\/logo-1-2.png\" \/>\n\t<meta property=\"og:image:width\" content=\"269\" \/>\n\t<meta property=\"og:image:height\" content=\"200\" \/>\n\t<meta property=\"og:image:type\" content=\"image\/png\" \/>\n<meta name=\"twitter:card\" content=\"summary_large_image\" \/>\n<meta name=\"twitter:label1\" content=\"\u0648\u0642\u062a \u0627\u0644\u0642\u0631\u0627\u0621\u0629 \u0627\u0644\u0645\u064f\u0642\u062f\u0651\u0631\" \/>\n\t<meta name=\"twitter:data1\" content=\"1 \u062f\u0642\u064a\u0642\u0629\" \/>\n<script type=\"application\/ld+json\" class=\"yoast-schema-graph\">{\"@context\":\"https:\/\/schema.org\",\"@graph\":[{\"@type\":\"WebPage\",\"@id\":\"https:\/\/arham-tst.com\/ar\/%d8%aa%d9%88%d8%a7%d8%b5%d9%84-%d9%85%d8%b9%d9%86%d8%a7\/\",\"url\":\"https:\/\/arham-tst.com\/ar\/%d8%aa%d9%88%d8%a7%d8%b5%d9%84-%d9%85%d8%b9%d9%86%d8%a7\/\",\"name\":\"\u062a\u0648\u0627\u0635\u0644 \u0645\u0639\u0646\u0627 - \u0623\u0631\u0647\u0627\u0645\",\"isPartOf\":{\"@id\":\"https:\/\/arham-tst.com\/ar\/#website\"},\"datePublished\":\"2019-02-05T16:34:32+00:00\",\"dateModified\":\"2024-05-29T14:32:33+00:00\",\"breadcrumb\":{\"@id\":\"https:\/\/arham-tst.com\/ar\/%d8%aa%d9%88%d8%a7%d8%b5%d9%84-%d9%85%d8%b9%d9%86%d8%a7\/#breadcrumb\"},\"inLanguage\":\"ar\",\"potentialAction\":[{\"@type\":\"ReadAction\",\"target\":[\"https:\/\/arham-tst.com\/ar\/%d8%aa%d9%88%d8%a7%d8%b5%d9%84-%d9%85%d8%b9%d9%86%d8%a7\/\"]}]},{\"@type\":\"BreadcrumbList\",\"@id\":\"https:\/\/arham-tst.com\/ar\/%d8%aa%d9%88%d8%a7%d8%b5%d9%84-%d9%85%d8%b9%d9%86%d8%a7\/#breadcrumb\",\"itemListElement\":[{\"@type\":\"ListItem\",\"position\":1,\"name\":\"Home\",\"item\":\"https:\/\/arham-tst.com\/ar\/\"},{\"@type\":\"ListItem\",\"position\":2,\"name\":\"\u062a\u0648\u0627\u0635\u0644 \u0645\u0639\u0646\u0627\"}]},{\"@type\":\"WebSite\",\"@id\":\"https:\/\/arham-tst.com\/ar\/#website\",\"url\":\"https:\/\/arham-tst.com\/ar\/\",\"name\":\"ARHAM TST\",\"description\":\"\",\"potentialAction\":[{\"@type\":\"SearchAction\",\"target\":{\"@type\":\"EntryPoint\",\"urlTemplate\":\"https:\/\/arham-tst.com\/ar\/?s={search_term_string}\"},\"query-input\":{\"@type\":\"PropertyValueSpecification\",\"valueRequired\":true,\"valueName\":\"search_term_string\"}}],\"inLanguage\":\"ar\"}]}<\/script>\n<!-- \/ Yoast SEO plugin. -->","yoast_head_json":{"title":"\u062a\u0648\u0627\u0635\u0644 \u0645\u0639\u0646\u0627 - \u0623\u0631\u0647\u0627\u0645","robots":{"index":"index","follow":"follow","max-snippet":"max-snippet:-1","max-image-preview":"max-image-preview:large","max-video-preview":"max-video-preview:-1"},"canonical":"https:\/\/arham-tst.com\/ar\/%d8%aa%d9%88%d8%a7%d8%b5%d9%84-%d9%85%d8%b9%d9%86%d8%a7\/","og_locale":"ar_AR","og_type":"article","og_title":"\u062a\u0648\u0627\u0635\u0644 \u0645\u0639\u0646\u0627 - \u0623\u0631\u0647\u0627\u0645","og_description":"[vc_row][vc_column][\/vc_column][\/vc_row][vc_row][vc_column][\/vc_column][\/vc_row]","og_url":"https:\/\/arham-tst.com\/ar\/%d8%aa%d9%88%d8%a7%d8%b5%d9%84-%d9%85%d8%b9%d9%86%d8%a7\/","og_site_name":"\u0623\u0631\u0647\u0627\u0645","article_modified_time":"2024-05-29T14:32:33+00:00","og_image":[{"width":269,"height":200,"url":"https:\/\/arham-tst.com\/wp-content\/uploads\/2024\/04\/logo-1-2.png","type":"image\/png"}],"twitter_card":"summary_large_image","twitter_misc":{"\u0648\u0642\u062a \u0627\u0644\u0642\u0631\u0627\u0621\u0629 \u0627\u0644\u0645\u064f\u0642\u062f\u0651\u0631":"1 \u062f\u0642\u064a\u0642\u0629"},"schema":{"@context":"https:\/\/schema.org","@graph":[{"@type":"WebPage","@id":"https:\/\/arham-tst.com\/ar\/%d8%aa%d9%88%d8%a7%d8%b5%d9%84-%d9%85%d8%b9%d9%86%d8%a7\/","url":"https:\/\/arham-tst.com\/ar\/%d8%aa%d9%88%d8%a7%d8%b5%d9%84-%d9%85%d8%b9%d9%86%d8%a7\/","name":"\u062a\u0648\u0627\u0635\u0644 \u0645\u0639\u0646\u0627 - \u0623\u0631\u0647\u0627\u0645","isPartOf":{"@id":"https:\/\/arham-tst.com\/ar\/#website"},"datePublished":"2019-02-05T16:34:32+00:00","dateModified":"2024-05-29T14:32:33+00:00","breadcrumb":{"@id":"https:\/\/arham-tst.com\/ar\/%d8%aa%d9%88%d8%a7%d8%b5%d9%84-%d9%85%d8%b9%d9%86%d8%a7\/#breadcrumb"},"inLanguage":"ar","potentialAction":[{"@type":"ReadAction","target":["https:\/\/arham-tst.com\/ar\/%d8%aa%d9%88%d8%a7%d8%b5%d9%84-%d9%85%d8%b9%d9%86%d8%a7\/"]}]},{"@type":"BreadcrumbList","@id":"https:\/\/arham-tst.com\/ar\/%d8%aa%d9%88%d8%a7%d8%b5%d9%84-%d9%85%d8%b9%d9%86%d8%a7\/#breadcrumb","itemListElement":[{"@type":"ListItem","position":1,"name":"Home","item":"https:\/\/arham-tst.com\/ar\/"},{"@type":"ListItem","position":2,"name":"\u062a\u0648\u0627\u0635\u0644 \u0645\u0639\u0646\u0627"}]},{"@type":"WebSite","@id":"https:\/\/arham-tst.com\/ar\/#website","url":"https:\/\/arham-tst.com\/ar\/","name":"ARHAM TST","description":"","potentialAction":[{"@type":"SearchAction","target":{"@type":"EntryPoint","urlTemplate":"https:\/\/arham-tst.com\/ar\/?s={search_term_string}"},"query-input":{"@type":"PropertyValueSpecification","valueRequired":true,"valueName":"search_term_string"}}],"inLanguage":"ar"}]}},"_links":{"self":[{"href":"https:\/\/arham-tst.com\/ar\/wp-json\/wp\/v2\/pages\/3093","targetHints":{"allow":["GET"]}}],"collection":[{"href":"https:\/\/arham-tst.com\/ar\/wp-json\/wp\/v2\/pages"}],"about":[{"href":"https:\/\/arham-tst.com\/ar\/wp-json\/wp\/v2\/types\/page"}],"author":[{"embeddable":true,"href":"https:\/\/arham-tst.com\/ar\/wp-json\/wp\/v2\/users\/1"}],"replies":[{"embeddable":true,"href":"https:\/\/arham-tst.com\/ar\/wp-json\/wp\/v2\/comments?post=3093"}],"version-history":[{"count":6,"href":"https:\/\/arham-tst.com\/ar\/wp-json\/wp\/v2\/pages\/3093\/revisions"}],"predecessor-version":[{"id":3332,"href":"https:\/\/arham-tst.com\/ar\/wp-json\/wp\/v2\/pages\/3093\/revisions\/3332"}],"wp:attachment":[{"href":"https:\/\/arham-tst.com\/ar\/wp-json\/wp\/v2\/media?parent=3093"}],"curies":[{"name":"wp","href":"https:\/\/api.w.org\/{rel}","templated":true}]}}